{"id":1216,"date":"2019-09-20T09:22:55","date_gmt":"2019-09-20T09:22:55","guid":{"rendered":"https:\/\/booth.qodeinteractive.com\/?page_id=1216"},"modified":"2022-01-14T20:02:56","modified_gmt":"2022-01-14T20:02:56","slug":"don","status":"publish","type":"page","link":"https:\/\/ruchedenise.be\/index.php\/don\/","title":{"rendered":"Faire un don"},"content":{"rendered":"<p>[vc_row][vc_column][vc_row_inner][vc_column_inner width=&#8221;2\/3&#8243;][vc_empty_space height=&#8221;50&#8243;]<div class=\"qodef-section-title-holder    qodef-section-title-animated\" style=\"text-align: left\">\n\t<div class=\"qodef-st-inner\">\n\t\t\t\t<div class=\"qodef-st-title-holder\">\n\t\t\t<h4 class=\"qodef-st-title\" style=\"color: #ffffff\">\n\t\t\t\t\t\t\t<span class=\"qodef-st-text-with-square\"><span class=\"qodef-st-square\" style=\"background-color:#ec40ff\"><\/span><span class=\"qodef-st-first-letter\">E<\/span><\/span><span class=\"qodef-st-title-text\">nvie de nous soutenir d'un peu plus loin?<\/span>\n\t\t\t\t\t<\/h4>\n\t\t<\/div>\n\t\t\t\t\t\t\t<p class=\"qodef-st-text\" style=\"color: #ffffff\">\n\t\t\t\tNotre coop\u00e9rative fonctionne gr\u00e2ce \u00e0 l'investissement en terme de temps et de comp\u00e9tences de nombreuses personnes. N\u00e9anmoins, l'implication dans le projet n'est pas une obligation! Si vous d\u00e9sirez nous soutenir financi\u00e8rement via un simple don, c'est \u00e9galement possible (attention, contrairement \u00e0 la souscription de parts, les dons ne sont pas d\u00e9ductibles fiscalement).\t\t\t<\/p>\n\t\t\t\t\t<\/div>\n<\/div>[vc_empty_space height=&#8221;17&#8243;]<div class=\"qodef-section-title-holder   qodef-section-title-highlighted qodef-section-title-animated\" style=\"text-align: center\">\n\t<div class=\"qodef-st-inner\">\n\t\t\t\t<div class=\"qodef-st-title-holder\">\n\t\t\t<h6 class=\"qodef-st-title\" style=\"color: #ffffff\">\n\t\t\tCoordonn\u00e9es bancaires\t\t<\/h6>\n\t\t<\/div>\n\t\t\t\t\t\t\t<p class=\"qodef-st-text\" style=\"color: #ffffff\">\n\t\t\t\tDenise - Ruche citoyenne,<br \/>\nGrand'Rue 23 - 1435 Mont-Saint-Guibert<br \/>\nIBAN : BE24 7320 5985 7438<br \/>\nBIC : CREGBEBB<br \/>\ncommunication : Nom + Pr\u00e9nom + Don\t\t\t<\/p>\n\t\t\t\t\t<\/div>\n<\/div>[\/vc_column_inner][vc_column_inner width=&#8221;1\/3&#8243;][vc_empty_space height=&#8221;120&#8243;]<div class=\"qodef-banner-holder  qodef-triangle-left qodef-angle-small\">\n    <div class=\"qodef-banner-image\">\n        <img loading=\"lazy\" decoding=\"async\" width=\"2560\" height=\"1706\" src=\"https:\/\/ruchedenise.be\/wp-content\/uploads\/2021\/06\/crowdfunding.jpg\" class=\"attachment-full size-full\" alt=\"\" srcset=\"https:\/\/ruchedenise.be\/wp-content\/uploads\/2021\/06\/crowdfunding.jpg 2560w, https:\/\/ruchedenise.be\/wp-content\/uploads\/2021\/06\/crowdfunding-300x200.jpg 300w, https:\/\/ruchedenise.be\/wp-content\/uploads\/2021\/06\/crowdfunding-1024x682.jpg 1024w, https:\/\/ruchedenise.be\/wp-content\/uploads\/2021\/06\/crowdfunding-768x512.jpg 768w, https:\/\/ruchedenise.be\/wp-content\/uploads\/2021\/06\/crowdfunding-1536x1024.jpg 1536w, https:\/\/ruchedenise.be\/wp-content\/uploads\/2021\/06\/crowdfunding-600x400.jpg 600w\" sizes=\"auto, (max-width: 2560px) 100vw, 2560px\" \/>    <\/div>\n    <div class=\"qodef-banner-text-holder\">\n\t\t<div class=\"qodef-banner-text-outer\">\n\t\t\t<div class=\"qodef-banner-text-inner\">\n\t\t        \t\t\t<\/div>\n\t\t<\/div>\n\t\t\n\t\t\t<\/div>\n\t<\/div>[\/vc_column_inner][\/vc_row_inner][vc_empty_space height=&#8221;32&#8243;]<div class=\"qodef-call-to-action-holder   qodef-cta-center\">\n\t<div class=\"qodef-cta-inner \" style=\"background-image: url(https:\/\/ruchedenise.be\/wp-content\/uploads\/2019\/09\/shop-title-img-1.jpg)\">\n\t\t<div class=\"qodef-cta-text-holder\" >\n\t\t\t<div class=\"qodef-cta-text\">Je pr\u00e9f\u00e8re devenir coop\u00e9rateur &#8230;<\/div>\n\t\t<\/div>\n\t\t<div class=\"qodef-cta-button-holder\" >\n\t\t\t<div class=\"qodef-cta-button\"><a itemprop=\"url\" href=\"https:\/\/ruchedenise.be\/index.php\/souscription\/\" target=\"_blank\"  class=\"qodef-btn qodef-btn-medium qodef-btn-solid\"  >\t<span class=\"qodef-button-holder\">\t\t\t\t<span class=\"qodef-btn-text\">C&#039;est par ici!<\/span>\t\t\t<\/span><\/a><\/div>\n\t\t<\/div>\n\t<\/div>\n<\/div>[vc_empty_space height=&#8221;32&#8243;]<div class=\"qodef-section-title-holder    qodef-section-title-animated\" style=\"text-align: center\">\n\t<div class=\"qodef-st-inner\">\n\t\t\t\t<div class=\"qodef-st-title-holder\">\n\t\t\t<h4 class=\"qodef-st-title\" style=\"color: #ffffff\">\n\t\t\t\t\t\t\t<span class=\"qodef-st-text-with-square\"><span class=\"qodef-st-square\" ><\/span><span class=\"qodef-st-first-letter\">M<\/span><\/span><span class=\"qodef-st-title-text\">erci pour votre soutien !<\/span>\n\t\t\t\t\t<\/h4>\n\t\t<\/div>\n\t\t\t\t\t\t\t<\/div>\n<\/div>[vc_empty_space height=&#8221;32&#8243;][\/vc_column][\/vc_row]<\/p>\n","protected":false},"excerpt":{"rendered":"<p>[vc_row][vc_column][vc_row_inner][vc_column_inner width=&#8221;2\/3&#8243;][vc_empty_space height=&#8221;50&#8243;][vc_empty_space height=&#8221;17&#8243;][\/vc_column_inner][vc_column_inner width=&#8221;1\/3&#8243;][vc_empty_space height=&#8221;120&#8243;][\/vc_column_inner][\/vc_row_inner][vc_empty_space height=&#8221;32&#8243;][vc_empty_space height=&#8221;32&#8243;][vc_empty_space height=&#8221;32&#8243;][\/vc_column][\/vc_row]<\/p>\n","protected":false},"author":2,"featured_media":0,"parent":0,"menu_order":0,"comment_status":"closed","ping_status":"closed","template":"","meta":{"_monsterinsights_skip_tracking":false,"_monsterinsights_sitenote_active":false,"_monsterinsights_sitenote_note":"","_monsterinsights_sitenote_category":0,"_price":"","_stock":"","_tribe_ticket_header":"","_tribe_default_ticket_provider":"","_ticket_start_date":"","_ticket_end_date":"","_tribe_ticket_show_description":"","_tribe_ticket_show_not_going":false,"_tribe_ticket_use_global_stock":"","_tribe_ticket_global_stock_level":"","_global_stock_mode":"","_global_stock_cap":"","_tribe_rsvp_for_event":"","_tribe_ticket_going_count":"","_tribe_ticket_not_going_count":"","_tribe_tickets_list":"[]","_tribe_ticket_has_attendee_info_fields":false,"_EventAllDay":false,"_EventTimezone":"","_EventStartDate":"","_EventEndDate":"","_EventStartDateUTC":"","_EventEndDateUTC":"","_EventShowMap":false,"_EventShowMapLink":false,"_EventURL":"","_EventCost":"","_EventCostDescription":"","_EventCurrencySymbol":"","_EventCurrencyCode":"","_EventCurrencyPosition":"","_EventDateTimeSeparator":"","_EventTimeRangeSeparator":"","_EventOrganizerID":[],"_EventVenueID":[],"_OrganizerEmail":"","_OrganizerPhone":"","_OrganizerWebsite":"","_VenueAddress":"","_VenueCity":"","_VenueCountry":"","_VenueProvince":"","_VenueState":"","_VenueZip":"","_VenuePhone":"","_VenueURL":"","_VenueStateProvince":"","_VenueLat":"","_VenueLng":"","_VenueShowMap":false,"_VenueShowMapLink":false,"footnotes":"","_tec_slr_enabled":"","_tec_slr_layout":""},"class_list":["post-1216","page","type-page","status-publish","hentry"],"ticketed":false,"_links":{"self":[{"href":"https:\/\/ruchedenise.be\/index.php\/wp-json\/wp\/v2\/pages\/1216","targetHints":{"allow":["GET"]}}],"collection":[{"href":"https:\/\/ruchedenise.be\/index.php\/wp-json\/wp\/v2\/pages"}],"about":[{"href":"https:\/\/ruchedenise.be\/index.php\/wp-json\/wp\/v2\/types\/page"}],"author":[{"embeddable":true,"href":"https:\/\/ruchedenise.be\/index.php\/wp-json\/wp\/v2\/users\/2"}],"replies":[{"embeddable":true,"href":"https:\/\/ruchedenise.be\/index.php\/wp-json\/wp\/v2\/comments?post=1216"}],"version-history":[{"count":21,"href":"https:\/\/ruchedenise.be\/index.php\/wp-json\/wp\/v2\/pages\/1216\/revisions"}],"predecessor-version":[{"id":5168,"href":"https:\/\/ruchedenise.be\/index.php\/wp-json\/wp\/v2\/pages\/1216\/revisions\/5168"}],"wp:attachment":[{"href":"https:\/\/ruchedenise.be\/index.php\/wp-json\/wp\/v2\/media?parent=1216"}],"curies":[{"name":"wp","href":"https:\/\/api.w.org\/{rel}","templated":true}]}}