{"id":1480,"date":"2019-09-25T07:27:27","date_gmt":"2019-09-25T07:27:27","guid":{"rendered":"https:\/\/booth.qodeinteractive.com\/?page_id=1480"},"modified":"2022-05-05T13:55:09","modified_gmt":"2022-05-05T13:55:09","slug":"benevoles","status":"publish","type":"page","link":"https:\/\/ruchedenise.be\/index.php\/benevoles\/","title":{"rendered":"Devenir B\u00e9n\u00e9vole"},"content":{"rendered":"<p>[vc_row row_content_width=&#8221;grid&#8221;][vc_column][vc_empty_space height=&#8221;40&#8243;]<div class=\"qodef-section-title-holder    qodef-section-title-animated\" style=\"text-align: center\">\n\t<div class=\"qodef-st-inner\">\n\t\t\t\t<div class=\"qodef-st-title-holder\">\n\t\t\t<h3 class=\"qodef-st-title\" >\n\t\t\t\t\t\t\t<span class=\"qodef-st-text-with-square\"><span class=\"qodef-st-square\" ><\/span><span class=\"qodef-st-first-letter\">P<\/span><\/span><span class=\"qodef-st-title-text\">lanning des permanences chez Denise<\/span>\n\t\t\t\t\t<\/h3>\n\t\t<\/div>\n\t\t\t\t\t\t\t<\/div>\n<\/div>[vc_empty_space height=&#8221;40&#8243;][vc_gallery type=&#8221;image_grid&#8221; images=&#8221;6067,6068,6069,6070,6071,6072,6073&#8243;][vc_empty_space height=&#8221;40&#8243;][vc_column_text]<\/p>\n<p style=\"text-align: left;\">La tenue du bar chez Denise d\u00e9pend en grande partie de son \u00e9quipe b\u00e9n\u00e9vole ! <strong>Envie de donner un peu de votre temps pour soutenir le projet et rencontrer de chouettes gens? Rejoignez l&#8217;\u00e9quipe!<\/strong><\/p>\n<p style=\"text-align: left;\">Les permanences ont lieu lors des cr\u00e9neaux horaires suivants (nous avons pr\u00e9vu des plages de 3 heures cons\u00e9cutives).<\/p>\n<p style=\"text-align: left;\">&#8211; le jeudi 17h-20h et 20h-23h<\/p>\n<p style=\"text-align: left;\">&#8211; le vendredi 14h-17h, 17h-20h et 20h-23h<\/p>\n<p style=\"text-align: left;\">&#8211; le samedi 14h-17h, 17h-20h et 20h-23h<\/p>\n<p style=\"text-align: left;\"><strong>Nous organisons des sessions d&#8217;informations pour les futur.e.s b\u00e9n\u00e9voles \u00e0 intervalle r\u00e9gulier, surveillez notre agenda ;). Si vous \u00eates curieux, n&#8217;h\u00e9sitez pas \u00e0 vous inscrire \u00e0 une plage horaire avec un.e autre b\u00e9n\u00e9vole qui vous pilotera. Vous pouvez \u00e9galement passer chez Denise vous informer les mercredis, jeudis ou vendredis matin.<\/strong><\/p>\n<p style=\"text-align: left;\">Vous retrouverez le planning ci-dessous : choisissez la plage qui vous convient, et inscrivez-vous via notre agenda en ligne. Un simple carnet est aussi disponible chez Denise si tout \u00e7a vous semble un peu obscur!<\/p>\n<p style=\"text-align: left;\">De mani\u00e8re g\u00e9n\u00e9rale, si l&#8217;envie vous prend de vous investir chez Denise ou si vous avez des questions, n&#8217;h\u00e9sitez pas \u00e0 nous envoyer un petit mot via hello@ruchedenise.be<\/p>\n<p style=\"text-align: left;\"><strong>Merci \u00e0 tou.te.s pour votre participation!<\/strong><\/p>\n<p>[\/vc_column_text][vc_btn title=&#8221;Convention de volontariat&#8221; style=&#8221;flat&#8221; align=&#8221;center&#8221; i_type=&#8221;entypo&#8221; i_icon_entypo=&#8221;entypo-icon entypo-icon-doc-text&#8221; add_icon=&#8221;true&#8221; link=&#8221;url:http%3A%2F%2Fruchedenise.be%2Fwp-content%2Fuploads%2F2022%2F03%2FConvention-de-volontariat-Denise.docx-1.pdf|title:Convention%20de%20volontariat|target:_blank&#8221;][\/vc_column][\/vc_row][vc_row row_content_width=&#8221;grid&#8221; css=&#8221;.vc_custom_1570800691581{padding-top: 120px !important;padding-bottom: 87px !important;}&#8221;][vc_column offset=&#8221;vc_col-sm-offset-0&#8243;]<div class=\"qodef-elements-holder   qodef-one-column  qodef-responsive-mode-768 \" ><div class=\"qodef-eh-item    \"  data-item-class=\"qodef-eh-custom-7440\" data-1367-1600=\"0 15%\" data-1025-1366=\"0 17%\" data-769-1024=\"0 0%\" data-681-768=\"0 0%\" data-680=\"0 0%\">\n\t<div class=\"qodef-eh-item-inner\">\n\t\t<div class=\"qodef-eh-item-content qodef-eh-custom-7440\" style=\"padding: 0 24%\">\n\t\t\t<div class=\"qodef-call-to-action-holder   qodef-cta-left\">\n\t<div class=\"qodef-cta-inner \" style=\"background-image: url(https:\/\/ruchedenise.be\/wp-content\/uploads\/2019\/09\/h8-img-13.png)\">\n\t\t<div class=\"qodef-cta-text-holder\" >\n\t\t\t<div class=\"qodef-cta-text\">S&#8217;inscrire \u00e0 une permanence<\/div>\n\t\t<\/div>\n\t\t<div class=\"qodef-cta-button-holder\" >\n\t\t\t<div class=\"qodef-cta-button\"><a itemprop=\"url\" href=\"https:\/\/calendly.com\/denise-ruche-citoyenne\/permanence-bar\" target=\"_blank\"  class=\"qodef-btn qodef-btn-medium qodef-btn-solid\"  >\t<span class=\"qodef-button-holder\">\t\t\t\t<span class=\"qodef-btn-text\">C&#039;est par ici!<\/span>\t\t\t<\/span><\/a><\/div>\n\t\t<\/div>\n\t<\/div>\n<\/div>\t\t<\/div>\n\t<\/div>\n<\/div><\/div>[vc_column_text][\/vc_column_text][\/vc_column][\/vc_row][vc_row row_content_width=&#8221;grid&#8221; css=&#8221;.vc_custom_1570800691581{padding-top: 120px !important;padding-bottom: 87px !important;}&#8221;][vc_column offset=&#8221;vc_col-sm-offset-0&#8243;]<div class=\"qodef-elements-holder   qodef-one-column  qodef-responsive-mode-768 \" ><div class=\"qodef-eh-item    \"  data-item-class=\"qodef-eh-custom-6248\" data-1367-1600=\"0 15%\" data-1025-1366=\"0 17%\" data-769-1024=\"0 0%\" data-681-768=\"0 0%\" data-680=\"0 0%\">\n\t<div class=\"qodef-eh-item-inner\">\n\t\t<div class=\"qodef-eh-item-content qodef-eh-custom-6248\" style=\"padding: 0 24%\">\n\t\t\t[vc_tta_tabs style=&#8221;modern&#8221; active_section=&#8221;1&#8243; pagination_style=&#8221;outline-square&#8221;][vc_tta_section title=&#8221;Planning Mai&#8221; tab_id=&#8221;1646250946210-e78269eb-2521&#8243;][vc_raw_html]JTVCdGFibGUlMjBpZCUzRDYlMjAlMkYlNUQ=[\/vc_raw_html][\/vc_tta_section][vc_tta_section title=&#8221;Planning Juin&#8221; tab_id=&#8221;1646250959279-0e7cd9cc-7714&#8243;][vc_raw_html]JTVCdGFibGUlMjBpZCUzRDclMjAlMkYlNUQ=[\/vc_raw_html][\/vc_tta_section][\/vc_tta_tabs]<div class=\"qodef-call-to-action-holder   qodef-cta-left\">\n\t<div class=\"qodef-cta-inner \" style=\"background-image: url(https:\/\/ruchedenise.be\/wp-content\/uploads\/2019\/09\/h8-img-13.png)\">\n\t\t<div class=\"qodef-cta-text-holder\" >\n\t\t\t<div class=\"qodef-cta-text\">S&#8217;inscrire \u00e0 une permanence<\/div>\n\t\t<\/div>\n\t\t<div class=\"qodef-cta-button-holder\" >\n\t\t\t<div class=\"qodef-cta-button\"><a itemprop=\"url\" href=\"https:\/\/calendly.com\/denise-ruche-citoyenne\/permanence-bar\" target=\"_blank\"  class=\"qodef-btn qodef-btn-medium qodef-btn-solid\"  >\t<span class=\"qodef-button-holder\">\t\t\t\t<span class=\"qodef-btn-text\">C&#039;est par ici!<\/span>\t\t\t<\/span><\/a><\/div>\n\t\t<\/div>\n\t<\/div>\n<\/div>\t\t<\/div>\n\t<\/div>\n<\/div><\/div>[vc_column_text][\/vc_column_text][\/vc_column][\/vc_row]<\/p>\n","protected":false},"excerpt":{"rendered":"<p>[vc_row row_content_width=&#8221;grid&#8221;][vc_column][vc_empty_space height=&#8221;40&#8243;][vc_empty_space height=&#8221;40&#8243;][vc_gallery type=&#8221;image_grid&#8221; images=&#8221;6067,6068,6069,6070,6071,6072,6073&#8243;][vc_empty_space height=&#8221;40&#8243;][vc_column_text] La tenue du bar chez Denise d\u00e9pend en grande partie de son \u00e9quipe b\u00e9n\u00e9vole ! Envie de donner un peu de votre temps pour soutenir le projet et rencontrer de chouettes gens? Rejoignez l&#8217;\u00e9quipe! Les permanences ont lieu lors des cr\u00e9neaux horaires suivants (nous avons [&hellip;]<\/p>\n","protected":false},"author":2,"featured_media":0,"parent":0,"menu_order":0,"comment_status":"closed","ping_status":"closed","template":"full-width.php","meta":{"_monsterinsights_skip_tracking":false,"_monsterinsights_sitenote_active":false,"_monsterinsights_sitenote_note":"","_monsterinsights_sitenote_category":0,"_price":"","_stock":"","_tribe_ticket_header":"","_tribe_default_ticket_provider":"","_ticket_start_date":"","_ticket_end_date":"","_tribe_ticket_show_description":"","_tribe_ticket_show_not_going":false,"_tribe_ticket_use_global_stock":"","_tribe_ticket_global_stock_level":"","_global_stock_mode":"","_global_stock_cap":"","_tribe_rsvp_for_event":"","_tribe_ticket_going_count":"","_tribe_ticket_not_going_count":"","_tribe_tickets_list":"[]","_tribe_ticket_has_attendee_info_fields":false,"_EventAllDay":false,"_EventTimezone":"","_EventStartDate":"","_EventEndDate":"","_EventStartDateUTC":"","_EventEndDateUTC":"","_EventShowMap":false,"_EventShowMapLink":false,"_EventURL":"","_EventCost":"","_EventCostDescription":"","_EventCurrencySymbol":"","_EventCurrencyCode":"","_EventCurrencyPosition":"","_EventDateTimeSeparator":"","_EventTimeRangeSeparator":"","_EventOrganizerID":[],"_EventVenueID":[],"_OrganizerEmail":"","_OrganizerPhone":"","_OrganizerWebsite":"","_VenueAddress":"","_VenueCity":"","_VenueCountry":"","_VenueProvince":"","_VenueState":"","_VenueZip":"","_VenuePhone":"","_VenueURL":"","_VenueStateProvince":"","_VenueLat":"","_VenueLng":"","_VenueShowMap":false,"_VenueShowMapLink":false,"footnotes":"","_tec_slr_enabled":"","_tec_slr_layout":""},"class_list":["post-1480","page","type-page","status-publish","hentry"],"ticketed":false,"_links":{"self":[{"href":"https:\/\/ruchedenise.be\/index.php\/wp-json\/wp\/v2\/pages\/1480","targetHints":{"allow":["GET"]}}],"collection":[{"href":"https:\/\/ruchedenise.be\/index.php\/wp-json\/wp\/v2\/pages"}],"about":[{"href":"https:\/\/ruchedenise.be\/index.php\/wp-json\/wp\/v2\/types\/page"}],"author":[{"embeddable":true,"href":"https:\/\/ruchedenise.be\/index.php\/wp-json\/wp\/v2\/users\/2"}],"replies":[{"embeddable":true,"href":"https:\/\/ruchedenise.be\/index.php\/wp-json\/wp\/v2\/comments?post=1480"}],"version-history":[{"count":30,"href":"https:\/\/ruchedenise.be\/index.php\/wp-json\/wp\/v2\/pages\/1480\/revisions"}],"predecessor-version":[{"id":6257,"href":"https:\/\/ruchedenise.be\/index.php\/wp-json\/wp\/v2\/pages\/1480\/revisions\/6257"}],"wp:attachment":[{"href":"https:\/\/ruchedenise.be\/index.php\/wp-json\/wp\/v2\/media?parent=1480"}],"curies":[{"name":"wp","href":"https:\/\/api.w.org\/{rel}","templated":true}]}}