{"id":1506,"date":"2019-09-25T08:20:51","date_gmt":"2019-09-25T08:20:51","guid":{"rendered":"https:\/\/booth.qodeinteractive.com\/?page_id=1506"},"modified":"2022-01-14T19:36:46","modified_gmt":"2022-01-14T19:36:46","slug":"cooperateur","status":"publish","type":"page","link":"https:\/\/ruchedenise.be\/index.php\/cooperateur\/","title":{"rendered":"Devenir coop\u00e9rateur"},"content":{"rendered":"<p>[vc_row row_content_width=&#8221;grid&#8221;][vc_column][vc_row_inner row_content_width=&#8221;grid&#8221;][vc_column_inner][vc_empty_space height=&#8221;80&#8243;]<div class=\"qodef-section-title-holder    qodef-section-title-animated\" style=\"text-align: center\">\n\t<div class=\"qodef-st-inner\">\n\t\t\t\t<div class=\"qodef-st-title-holder\">\n\t\t\t<h4 class=\"qodef-st-title\" >\n\t\t\t\t\t\t\t<span class=\"qodef-st-text-with-square\"><span class=\"qodef-st-square\" ><\/span><span class=\"qodef-st-first-letter\">P<\/span><\/span><span class=\"qodef-st-title-text\">ourquoi devenir coop\u00e9rateur.trice?<\/span>\n\t\t\t\t\t<\/h4>\n\t\t<\/div>\n\t\t\t\t\t\t\t<\/div>\n<\/div>[vc_empty_space][vc_column_text]<\/p>\n<p style=\"text-align: center;\">Devenir coop\u00e9rateur.trice, c&#8217;est choisir d&#8217;investir et de vous investir dans l&#8217;\u00e9conomie de votre village, et de participer \u00e0 la vie de la coop\u00e9rative : <strong>vous assistez \u00e0 l\u2019Assembl\u00e9e g\u00e9n\u00e9rale et vous votez les d\u00e9cisions!<\/strong> Vous pouvez \u00e9galement, si vous le souhaitez, prendre part plus activement \u00e0 la vie de la coop\u00e9rative en participant \u00e0 l\u2019organisation de ses \u00e9v\u00e8nements et activit\u00e9s.<\/p>\n<h6 style=\"text-align: center;\"><strong>Et plus que tout, vous devenez ambassadeur du projet !<\/strong><\/h6>\n<p style=\"text-align: center;\">Un dividende de max 6% peut \u00eatre r\u00e9tribu\u00e9 sur base de d\u00e9cision de l\u2019Assembl\u00e9e g\u00e9n\u00e9rale. Et, pr\u00e9cision utile :<strong> \u00eatre coop\u00e9rateur\u00b7rice ne signifie pas \u00ab faire un don \u00bb<\/strong>. Vous pouvez \u00e0 tout moment r\u00e9cup\u00e9rer votre (vos) part(s) suivant les dispositions reprises dans les statuts<\/p>\n<h6 style=\"text-align: center;\"><strong>En outre, acheter des parts vous permet de b\u00e9n\u00e9ficier de 3 avantages :\u00a0<\/strong><\/h6>\n<p>[\/vc_column_text][vc_empty_space][\/vc_column_inner][\/vc_row_inner][vc_row_inner row_content_width=&#8221;grid&#8221;][vc_column_inner width=&#8221;1\/3&#8243;][vc_empty_space][vc_single_image image=&#8221;1012&#8243; img_size=&#8221;medium&#8221; alignment=&#8221;center&#8221;][vc_empty_space]<div class=\"qodef-section-title-holder   qodef-section-title-highlighted qodef-section-title-animated\" style=\"text-align: center\">\n\t<div class=\"qodef-st-inner\">\n\t\t\t\t<div class=\"qodef-st-title-holder\">\n\t\t\t<h4 class=\"qodef-st-title\" >\n\t\t\tRistourne sur la location\t\t<\/h4>\n\t\t<\/div>\n\t\t\t\t\t\t\t<p class=\"qodef-st-text\" >\n\t\t\t\tDevenir coop\u00e9rateur.trice vous permet de b\u00e9n\u00e9ficier d'une ristourne de 5% sur la location de la salle pour vos \u00e9v\u00e8nements priv\u00e9s.\t\t\t<\/p>\n\t\t\t\t\t<\/div>\n<\/div>[vc_empty_space][\/vc_column_inner][vc_column_inner width=&#8221;1\/3&#8243;][vc_empty_space][vc_single_image image=&#8221;4779&#8243; img_size=&#8221;large&#8221; alignment=&#8221;center&#8221;][vc_empty_space]<div class=\"qodef-section-title-holder   qodef-section-title-highlighted qodef-section-title-animated\" style=\"text-align: center\">\n\t<div class=\"qodef-st-inner\">\n\t\t\t\t<div class=\"qodef-st-title-holder\">\n\t\t\t<h4 class=\"qodef-st-title\" >\n\t\t\t45% de d\u00e9duction fiscale\t\t<\/h4>\n\t\t<\/div>\n\t\t\t\t\t\t\t<p class=\"qodef-st-text\" >\n\t\t\t\tGrace au Tax-Shelter, vous pouvez d\u00e9duire fiscalement 45% du montant de vos parts! Soit sur 1000\u20ac investis, 450\u20ac de cr\u00e9dit d\u2019imp\u00f4t, et un investissement final de 550\u20ac .\t\t\t<\/p>\n\t\t\t\t\t<\/div>\n<\/div>[vc_empty_space][\/vc_column_inner][vc_column_inner width=&#8221;1\/3&#8243;][vc_empty_space][vc_single_image image=&#8221;1303&#8243; img_size=&#8221;medium&#8221; alignment=&#8221;center&#8221;][vc_empty_space]<div class=\"qodef-section-title-holder   qodef-section-title-highlighted qodef-section-title-animated\" style=\"text-align: center\">\n\t<div class=\"qodef-st-inner\">\n\t\t\t\t<div class=\"qodef-st-title-holder\">\n\t\t\t<h4 class=\"qodef-st-title\" >\n\t\t\tDes \u00e9v\u00e8nements priv\u00e9s\t\t<\/h4>\n\t\t<\/div>\n\t\t\t\t\t\t\t<p class=\"qodef-st-text\" >\n\t\t\t\tNous r\u00e9servons \u00e9galement quelques belles surprises festives \u00e0 nos coop\u00e9rateur.trice.s!\t\t\t<\/p>\n\t\t\t\t\t<\/div>\n<\/div>[vc_empty_space][\/vc_column_inner][\/vc_row_inner][vc_row_inner][vc_column_inner][vc_column_text]<\/p>\n<h6 style=\"text-align: center;\"><strong>Comment fonctionnent les parts ? Qu\u2019est-ce que cela implique pour moi ?\u00a0<\/strong><\/h6>\n<ul>\n<li>La valeur des parts de coop\u00e9rateur s\u2019\u00e9l\u00e8ve \u00e0 50\u20ac. Il s&#8217;agit de parts B. Dans un souci de fonctionnement d\u00e9mocratique et participatif, chaque coop\u00e9rateur poss\u00e8de une voix, quel que soit le nombre de parts qu&#8217;il poss\u00e8de.<\/li>\n<li>Il existe \u00e9galement des parts de type A d&#8217;une m\u00eame valeur, qui sont d\u00e9tenues par les membres fondateurs. Ces parts sont garantes du respect des valeurs du projet et de ses valeurs sur le long terme. Chaque d\u00e9cision en assembl\u00e9e g\u00e9n\u00e9rale doit se prendre \u00e0 la double majorit\u00e9 : majorit\u00e9 des parts A et B confondues ainsi qu&#8217;\u00e0 la majorit\u00e9 des parts A.<\/li>\n<li>Il n\u2019y a pas d\u2019obligation au niveau des t\u00e2ches \u00e0 effectuer.\u00a0Nous souhaitons \u00e9videmment que nos coop\u00e9rateur\u00b7rices soient impliqu\u00e9\u00b7es et participent \u00e0 la vie du projet en assistant au moins aux assembl\u00e9es g\u00e9n\u00e9rales.\u00a0Cependant, il arrive que les agendas, voire des p\u00e9riodes de la vie ne soient pas favorables \u00e0 la participation, et cela ne doit pas vous freiner dans le fait de devenir\u00a0coop\u00e9rateur\u00b7rice.<\/li>\n<\/ul>\n<p>[\/vc_column_text][vc_empty_space][\/vc_column_inner][\/vc_row_inner][vc_row_inner content_placement=&#8221;middle&#8221; gap=&#8221;20&#8243; row_content_width=&#8221;grid&#8221; content_text_aligment=&#8221;center&#8221;][vc_column_inner width=&#8221;3\/4&#8243;]<div class=\"qodef-call-to-action-holder  qodef-content-in-grid qodef-cta-center qodef-cta-text-in-box\">\n\t<div class=\"qodef-cta-inner qodef-grid\" style=\"background-image: url(https:\/\/ruchedenise.be\/wp-content\/uploads\/2019\/09\/h9-img-1.png)\">\n\t\t<div class=\"qodef-cta-text-holder\" style=\"background-color:#1f1f1f\">\n\t\t\t<div class=\"qodef-cta-text\">Je souscris maintenant !<\/div>\n\t\t<\/div>\n\t\t<div class=\"qodef-cta-button-holder\" >\n\t\t\t<div class=\"qodef-cta-button\"><a itemprop=\"url\" href=\"https:\/\/ruchedenise.be\/index.php\/souscription\/\" target=\"_self\"  class=\"qodef-btn qodef-btn-small qodef-btn-solid\"  >\t<span class=\"qodef-button-holder\">\t\t\t\t<span class=\"qodef-btn-text\">C&#039;est par ici!<\/span>\t\t\t<\/span><\/a><\/div>\n\t\t<\/div>\n\t<\/div>\n<\/div>[vc_empty_space][\/vc_column_inner][\/vc_row_inner][\/vc_column][\/vc_row][vc_row row_content_width=&#8221;grid&#8221;][vc_column][vc_empty_space height=&#8221;60&#8243;]<div class=\"qodef-section-title-holder    qodef-section-title-animated\" style=\"text-align: center\">\n\t<div class=\"qodef-st-inner\">\n\t\t\t\t<div class=\"qodef-st-title-holder\">\n\t\t\t<h6 class=\"qodef-st-title\" >\n\t\t\t\t\t\t\t<span class=\"qodef-st-text-with-square\"><span class=\"qodef-st-square\" ><\/span><span class=\"qodef-st-first-letter\">D<\/span><\/span><span class=\"qodef-st-title-text\">enise, ce sont 16 fondateur.trice.s, qui ont tou.te.s une bonne raison d'\u00eatre l\u00e0 !<\/span>\n\t\t\t\t\t<\/h6>\n\t\t<\/div>\n\t\t\t\t\t\t\t<\/div>\n<\/div>[vc_empty_space height=&#8221;80&#8243;][vc_row_inner][vc_column_inner width=&#8221;1\/4&#8243;][vc_hoverbox image=&#8221;4928&#8243; primary_title=&#8221;&#8221; primary_title_font_container=&#8221;font_size:20|color:%23ffffff&#8221; hover_title=&#8221;Jean-Philippe&#8221; hover_title_font_container=&#8221;font_size:25&#8243; shape=&#8221;round&#8221; use_custom_fonts_primary_title=&#8221;true&#8221; use_custom_fonts_hover_title=&#8221;true&#8221;]<em>&#8220;Ca fait longtemps que je r\u00eave d&#8217;un lieu de rencontre, o\u00f9 \u00e9couter de la musique, voir un film, une expo, partager ses talents autour d&#8217;un verre et d&#8217;un bon petit plat. <\/em><\/p>\n<p>&nbsp;<\/p>\n<p><em>Alors quand l&#8217;opportunit\u00e9 se pr\u00e9sente, il faut foncer ! Ca va \u00eatre terrible !&#8221;<\/em>[\/vc_hoverbox][vc_empty_space][vc_hoverbox image=&#8221;4926&#8243; primary_title=&#8221;&#8221; primary_title_font_container=&#8221;font_size:20|color:%23ffffff&#8221; hover_title=&#8221;Florence&#8221; hover_title_font_container=&#8221;font_size:25|color:%23000000&#8243; shape=&#8221;round&#8221; use_custom_fonts_primary_title=&#8221;true&#8221; use_custom_fonts_hover_title=&#8221;true&#8221;]<em>&#8220;Je fais partie du projet Denise pour deux raisons principales :<\/em><\/p>\n<p><em>Pour que chaque habitant de Mont-Saint-Guibert puisse se sentir int\u00e9gr\u00e9 dans le village et pour renforcer l&#8217;identit\u00e9 guibertine!&#8221;<\/em>[\/vc_hoverbox][vc_empty_space][vc_hoverbox image=&#8221;4978&#8243; primary_title=&#8221;&#8221; hover_title=&#8221;Delphine&#8221; hover_title_font_container=&#8221;font_size:25&#8243; shape=&#8221;round&#8221; use_custom_fonts_hover_title=&#8221;true&#8221;]<em>&#8220;Pouvoir refaire vivre le centre de MSG, rencontrer les citoyens et \u00e9changer autour de chouette projets&#8221;<\/em>[\/vc_hoverbox][vc_empty_space][vc_hoverbox image=&#8221;4942&#8243; primary_title=&#8221;&#8221; primary_title_font_container=&#8221;font_size:20|color:%23ffffff&#8221; hover_title=&#8221;Guillaume&#8221; hover_title_font_container=&#8221;font_size:25|color:%23000000&#8243; shape=&#8221;round&#8221; use_custom_fonts_primary_title=&#8221;true&#8221; use_custom_fonts_hover_title=&#8221;true&#8221;]<em>&#8220;Je fais partie de Denise car j&#8217;avais envie de m&#8217;engager dans un projet citoyen \u00e0 Mont-Saint-Guibert, et de pouvoir m&#8217;engager dans la vie conviviale du village&#8221;<\/em>[\/vc_hoverbox][\/vc_column_inner][vc_column_inner width=&#8221;1\/4&#8243;][vc_hoverbox image=&#8221;4929&#8243; primary_title=&#8221;&#8221; primary_title_font_container=&#8221;font_size:20|color:%23ffffff&#8221; hover_title=&#8221;Justine&#8221; hover_title_font_container=&#8221;font_size:25&#8243; shape=&#8221;round&#8221; use_custom_fonts_primary_title=&#8221;true&#8221; use_custom_fonts_hover_title=&#8221;true&#8221;]<em>&#8220;Le projet Denise, je le soutiens pour redynamiser le centre de notre village&#8221;\u00a0<\/em>[\/vc_hoverbox][vc_empty_space][vc_hoverbox image=&#8221;4977&#8243; primary_title=&#8221;&#8221; hover_title=&#8221;Bruno&#8221; hover_title_font_container=&#8221;font_size:25&#8243; shape=&#8221;round&#8221; use_custom_fonts_hover_title=&#8221;true&#8221;]<em>&#8220;Mon ambition est de permettre \u00e0 des projets locaux, \u00e0 des services de proximit\u00e9\u00a0 de se lancer et de se d\u00e9velopper. En cr\u00e9ant des lieux permettant de s&#8217;installer, en accompagnant les porteurs de projets dans leur d\u00e9marrage, cela contribue \u00e0 l&#8217;\u00e9mergence de tels projets. En participant \u00e0 la cr\u00e9ation de Denise, je concr\u00e9tise un vieux r\u00eave de cr\u00e9er un espace convivial, de rencontres et d&#8217;activit\u00e9s multiples, ouvert \u00e0 toutes les g\u00e9n\u00e9rations.&#8221;<\/em>[\/vc_hoverbox][vc_empty_space][vc_hoverbox image=&#8221;4941&#8243; primary_title=&#8221;&#8221; primary_title_font_container=&#8221;font_size:20|color:%23ffffff&#8221; hover_title=&#8221;Gauthier&#8221; hover_title_font_container=&#8221;font_size:25&#8243; shape=&#8221;round&#8221; use_custom_fonts_primary_title=&#8221;true&#8221; use_custom_fonts_hover_title=&#8221;true&#8221;]&#8221;Pour moi Denise, c&#8217;est l&#8217;occasion de dynamiser le centre historique du village. La plus belle place du BW para\u00eet-il&#8221;[\/vc_hoverbox][vc_empty_space][vc_hoverbox image=&#8221;5002&#8243; primary_title=&#8221;&#8221; hover_title=&#8221;M\u00e9lissa&#8221; hover_title_font_container=&#8221;font_size:25|color:%23000000&#8243; shape=&#8221;round&#8221; use_custom_fonts_hover_title=&#8221;true&#8221;]<em>&#8220;Le projet Denise est important pour moi car il permet de recr\u00e9er du lien social et de privil\u00e9gier les espaces de rencontres et de partage, un projet avant tout citoyen que je souhaite soutenir&#8221;<\/em>[\/vc_hoverbox][\/vc_column_inner][vc_column_inner width=&#8221;1\/4&#8243;][vc_hoverbox image=&#8221;4986&#8243; primary_title=&#8221;&#8221; primary_title_font_container=&#8221;font_size:20|color:%23ffffff&#8221; hover_title=&#8221;Alice&#8221; hover_title_font_container=&#8221;font_size:25|color:%23000000&#8243; shape=&#8221;round&#8221; use_custom_fonts_primary_title=&#8221;true&#8221; use_custom_fonts_hover_title=&#8221;true&#8221;]<em>&#8220;Mon r\u00eave avec Denise, c&#8217;est celui d&#8217;un endroit ou l&#8217;on puisse se retrouver \u00e0 Mont-Saint-Guibert pour refaire le monde, apprendre de nouvelles choses. Un lieu o\u00f9 l&#8217;on puisse tou.te.s &#8211; \u00e0 notre \u00e9chelle &#8211; mettre notre savoir-faire et nos comp\u00e9tences au service des autres et de notre village, pour cr\u00e9er de nouvelles dynamiques et faire \u00e9merger de nouveaux projets !&#8221;<\/em>[\/vc_hoverbox][vc_empty_space][vc_hoverbox image=&#8221;4943&#8243; primary_title=&#8221;&#8221; primary_title_font_container=&#8221;font_size:20|color:%23ffffff&#8221; hover_title=&#8221;Laura&#8221; hover_title_font_container=&#8221;font_size:25|color:%23000000&#8243; shape=&#8221;round&#8221; use_custom_fonts_primary_title=&#8221;true&#8221; use_custom_fonts_hover_title=&#8221;true&#8221;]<em>&#8220;Je suis fondatrice de Denise car j&#8217;ai envie d\u2019un espace o\u00f9 faire vivre la cr\u00e9ativit\u00e9 , le partage, les moments entre amis!&#8221;<\/em>[\/vc_hoverbox][vc_empty_space][vc_hoverbox image=&#8221;4940&#8243; primary_title=&#8221;&#8221; hover_title=&#8221;Didier&#8221; hover_title_font_container=&#8221;font_size:25&#8243; shape=&#8221;round&#8221; use_custom_fonts_hover_title=&#8221;true&#8221;]<em>&#8220;Je me suis engag\u00e9 dans la ruche <\/em><\/p>\n<p><em>pour que \u00e7a bouge \u00e0 Mont-Saint-Guibert&#8221;<\/em>[\/vc_hoverbox][vc_empty_space][vc_hoverbox image=&#8221;4945&#8243; primary_title=&#8221;&#8221; primary_title_font_container=&#8221;font_size:20|color:%23ffffff&#8221; hover_title=&#8221;Sabrina&#8221; hover_title_font_container=&#8221;font_size:25&#8243; shape=&#8221;round&#8221; use_custom_fonts_primary_title=&#8221;true&#8221; use_custom_fonts_hover_title=&#8221;true&#8221;]<\/p>\n<p style=\"text-align: center;\"><em>&#8221;Je fais partie de Denise simplement pour le plaisir de tisser des liens, <\/em><\/p>\n<p style=\"text-align: center;\"><em>de faire quelque chose porteur de sens<\/em><\/p>\n<p style=\"text-align: center;\"><em> et ayant un r\u00e9sultat concret.&#8221;<\/em><\/p>\n<p>[\/vc_hoverbox][\/vc_column_inner][vc_column_inner width=&#8221;1\/4&#8243;][vc_hoverbox image=&#8221;4944&#8243; primary_title=&#8221;&#8221; primary_title_font_container=&#8221;font_size:20|color:%23ffffff&#8221; hover_title=&#8221;Margaux&#8221; hover_title_font_container=&#8221;font_size:25|color:%23000000&#8243; shape=&#8221;round&#8221; use_custom_fonts_primary_title=&#8221;true&#8221; use_custom_fonts_hover_title=&#8221;true&#8221;]<em>&#8220;J&#8217;ai d\u00e9cid\u00e9 de rejoindre Denise afin de mettre en avant deux points primordiaux \u00e0 mes yeux : <\/em><\/p>\n<p><em>Pouvoir cr\u00e9er de nouveaux liens sociaux et faire (re)vivre le centre du village.&#8221;<\/em>[\/vc_hoverbox][vc_empty_space][vc_hoverbox image=&#8221;4927&#8243; primary_title=&#8221;&#8221; primary_title_font_container=&#8221;font_size:20|color:%23ffffff&#8221; hover_title=&#8221;Gilles&#8221; hover_title_font_container=&#8221;font_size:25|color:%23000000&#8243; shape=&#8221;round&#8221; use_custom_fonts_primary_title=&#8221;true&#8221; use_custom_fonts_hover_title=&#8221;true&#8221;]<em>&#8220;Denise est un lieu qui m&#8217;importe de part sa localisation, son \u00e9nergie et son objectif. Denise me donne l&#8217;occasion de m&#8217;impliquer \u00e0 un autre niveau dans notre village, de connecter les habitants autour de projet qui rassemblent. Gr\u00e2ce \u00e0 la ruche, j&#8217;esp\u00e8re pouvoir apporter une partie de mon v\u00e9cu et de mes projets \u00e0 Mont-Saint-Guibert.&#8221;<\/em>[\/vc_hoverbox][vc_empty_space][vc_hoverbox image=&#8221;4930&#8243; primary_title=&#8221;&#8221; primary_title_font_container=&#8221;font_size:20|color:%23ffffff&#8221; hover_title=&#8221;Sabrina&#8221; hover_title_font_container=&#8221;font_size:25|color:%23000000&#8243; shape=&#8221;round&#8221; use_custom_fonts_primary_title=&#8221;true&#8221; use_custom_fonts_hover_title=&#8221;true&#8221;]<em>&#8220;Je fais partir du projet parce que Denise est un projet qui nous am\u00e8nera de la vie, de nouvelles rencontres, du partage et de l&#8217;\u00e9change&#8221;<\/em>[\/vc_hoverbox][vc_empty_space][vc_hoverbox image=&#8221;4939&#8243; primary_title=&#8221;&#8221; primary_title_font_container=&#8221;font_size:20|color:%23ffffff&#8221; hover_title=&#8221;Anne-Charlotte&#8221; hover_title_font_container=&#8221;font_size:25&#8243; shape=&#8221;round&#8221; use_custom_fonts_primary_title=&#8221;true&#8221; use_custom_fonts_hover_title=&#8221;true&#8221;]<em>&#8220;Pour moi, un caf\u00e9 citoyen c&#8217;est un espace convivial, o\u00f9 chacun se sent bien et peut apporter son petit quelque chose. <\/em><\/p>\n<p><em>Comme la vie d&#8217;un village finalement et c&#8217;est pour \u00e7a que je me suis lanc\u00e9e dans le projet!&#8221;<\/em>[\/vc_hoverbox][\/vc_column_inner][\/vc_row_inner][vc_empty_space height=&#8221;80&#8243;]<div class=\"qodef-call-to-action-holder  qodef-content-in-grid qodef-cta-center qodef-cta-text-in-box\">\n\t<div class=\"qodef-cta-inner qodef-grid\" style=\"background-image: url(https:\/\/ruchedenise.be\/wp-content\/uploads\/2019\/09\/h1-banner-1.png)\">\n\t\t<div class=\"qodef-cta-text-holder\" style=\"background-color:#1f1f1f\">\n\t\t\t<div class=\"qodef-cta-text\">Je souscris maintenant !<\/div>\n\t\t<\/div>\n\t\t<div class=\"qodef-cta-button-holder\" >\n\t\t\t<div class=\"qodef-cta-button\"><a itemprop=\"url\" href=\"https:\/\/ruchedenise.be\/index.php\/souscription\/\" target=\"_self\"  class=\"qodef-btn qodef-btn-small qodef-btn-solid\"  >\t<span class=\"qodef-button-holder\">\t\t\t\t<span class=\"qodef-btn-text\">C&#039;est par ici!<\/span>\t\t\t<\/span><\/a><\/div>\n\t\t<\/div>\n\t<\/div>\n<\/div>[vc_empty_space height=&#8221;80&#8243;][\/vc_column][\/vc_row][vc_row content_placement=&#8221;middle&#8221; disable_background_image=&#8221;&#8221; simple_background_image=&#8221;652&#8243;][vc_column][vc_empty_space height=&#8221;80&#8243;][vc_single_image image=&#8221;651&#8243; img_size=&#8221;full&#8221; alignment=&#8221;center&#8221;][vc_empty_space height=&#8221;3&#8243;]<div class=\"qodef-section-title-holder   qodef-section-title-highlighted qodef-section-title-animated\" style=\"text-align: center\">\n\t<div class=\"qodef-st-inner\">\n\t\t\t\t<div class=\"qodef-st-title-holder\">\n\t\t\t<h4 class=\"qodef-st-title\" >\n\t\t\tGrand'Place 23 - 1435 Mont-Saint-Guibert\t\t<\/h4>\n\t\t<\/div>\n\t\t\t\t\t\t\t<\/div>\n<\/div>[vc_empty_space height=&#8221;200&#8243;][\/vc_column][\/vc_row]<\/p>\n","protected":false},"excerpt":{"rendered":"<p>[vc_row row_content_width=&#8221;grid&#8221;][vc_column][vc_row_inner row_content_width=&#8221;grid&#8221;][vc_column_inner][vc_empty_space height=&#8221;80&#8243;][vc_empty_space][vc_column_text] Devenir coop\u00e9rateur.trice, c&#8217;est choisir d&#8217;investir et de vous investir dans l&#8217;\u00e9conomie de votre village, et de participer \u00e0 la vie de la coop\u00e9rative : vous assistez \u00e0 l\u2019Assembl\u00e9e g\u00e9n\u00e9rale et vous votez les d\u00e9cisions! Vous pouvez \u00e9galement, si vous le souhaitez, prendre part plus activement \u00e0 la vie [&hellip;]<\/p>\n","protected":false},"author":2,"featured_media":0,"parent":0,"menu_order":0,"comment_status":"closed","ping_status":"closed","template":"full-width.php","meta":{"_monsterinsights_skip_tracking":false,"_monsterinsights_sitenote_active":false,"_monsterinsights_sitenote_note":"","_monsterinsights_sitenote_category":0,"_price":"","_stock":"","_tribe_ticket_header":"","_tribe_default_ticket_provider":"","_ticket_start_date":"","_ticket_end_date":"","_tribe_ticket_show_description":"","_tribe_ticket_show_not_going":false,"_tribe_ticket_use_global_stock":"","_tribe_ticket_global_stock_level":"","_global_stock_mode":"","_global_stock_cap":"","_tribe_rsvp_for_event":"","_tribe_ticket_going_count":"","_tribe_ticket_not_going_count":"","_tribe_tickets_list":"[]","_tribe_ticket_has_attendee_info_fields":false,"_EventAllDay":false,"_EventTimezone":"","_EventStartDate":"","_EventEndDate":"","_EventStartDateUTC":"","_EventEndDateUTC":"","_EventShowMap":false,"_EventShowMapLink":false,"_EventURL":"","_EventCost":"","_EventCostDescription":"","_EventCurrencySymbol":"","_EventCurrencyCode":"","_EventCurrencyPosition":"","_EventDateTimeSeparator":"","_EventTimeRangeSeparator":"","_EventOrganizerID":[],"_EventVenueID":[],"_OrganizerEmail":"","_OrganizerPhone":"","_OrganizerWebsite":"","_VenueAddress":"","_VenueCity":"","_VenueCountry":"","_VenueProvince":"","_VenueState":"","_VenueZip":"","_VenuePhone":"","_VenueURL":"","_VenueStateProvince":"","_VenueLat":"","_VenueLng":"","_VenueShowMap":false,"_VenueShowMapLink":false,"footnotes":"","_tec_slr_enabled":"","_tec_slr_layout":""},"class_list":["post-1506","page","type-page","status-publish","hentry"],"ticketed":false,"_links":{"self":[{"href":"https:\/\/ruchedenise.be\/index.php\/wp-json\/wp\/v2\/pages\/1506","targetHints":{"allow":["GET"]}}],"collection":[{"href":"https:\/\/ruchedenise.be\/index.php\/wp-json\/wp\/v2\/pages"}],"about":[{"href":"https:\/\/ruchedenise.be\/index.php\/wp-json\/wp\/v2\/types\/page"}],"author":[{"embeddable":true,"href":"https:\/\/ruchedenise.be\/index.php\/wp-json\/wp\/v2\/users\/2"}],"replies":[{"embeddable":true,"href":"https:\/\/ruchedenise.be\/index.php\/wp-json\/wp\/v2\/comments?post=1506"}],"version-history":[{"count":243,"href":"https:\/\/ruchedenise.be\/index.php\/wp-json\/wp\/v2\/pages\/1506\/revisions"}],"predecessor-version":[{"id":5699,"href":"https:\/\/ruchedenise.be\/index.php\/wp-json\/wp\/v2\/pages\/1506\/revisions\/5699"}],"wp:attachment":[{"href":"https:\/\/ruchedenise.be\/index.php\/wp-json\/wp\/v2\/media?parent=1506"}],"curies":[{"name":"wp","href":"https:\/\/api.w.org\/{rel}","templated":true}]}}