{"id":6275,"date":"2022-05-13T11:28:21","date_gmt":"2022-05-13T11:28:21","guid":{"rendered":"https:\/\/ruchedenise.be\/?page_id=6275"},"modified":"2022-05-13T11:28:23","modified_gmt":"2022-05-13T11:28:23","slug":"actus","status":"publish","type":"page","link":"https:\/\/ruchedenise.be\/index.php\/actus\/","title":{"rendered":"Actus"},"content":{"rendered":"\n<pre class=\"wp-block-preformatted\"><ul class=\"mailpoet_archive\"><li><span class=\"mailpoet_archive_date\">August 28, 2025<\/span>\n          <span class=\"mailpoet_archive_subject\"><a href=\"https:\/\/ruchedenise.be?mailpoet_router&amp;endpoint=view_in_browser&amp;action=view&amp;data=WzQ4LCJmNzNmOThiZDkxOGQiLDAsMCw0MywxXQ\" target=\"_blank\" title=\"Preview in a new tab\">Le programme de septembre chez Denise<\/a><\/span>\n        <\/li><li><span class=\"mailpoet_archive_date\">April 29, 2025<\/span>\n          <span class=\"mailpoet_archive_subject\"><a href=\"https:\/\/ruchedenise.be?mailpoet_router&amp;endpoint=view_in_browser&amp;action=view&amp;data=WzQ3LCI3MmE2YTZjMWJiNGIiLDAsMCw0MiwxXQ\" target=\"_blank\" title=\"Preview in a new tab\">Le programme de mai chez Denise<\/a><\/span>\n        <\/li><li><span class=\"mailpoet_archive_date\">April 1, 2025<\/span>\n          <span class=\"mailpoet_archive_subject\"><a href=\"https:\/\/ruchedenise.be?mailpoet_router&amp;endpoint=view_in_browser&amp;action=view&amp;data=WzQ2LCI3N2FlYzNhN2JmZWEiLDAsMCw0MSwxXQ\" target=\"_blank\" title=\"Preview in a new tab\">Le programme d&#039;avril chez Denise<\/a><\/span>\n        <\/li><li><span class=\"mailpoet_archive_date\">March 23, 2025<\/span>\n          <span class=\"mailpoet_archive_subject\"><a href=\"https:\/\/ruchedenise.be?mailpoet_router&amp;endpoint=view_in_browser&amp;action=view&amp;data=WzQ1LCJhODY1YWY2ZjdhMWUiLDAsMCw0MCwxXQ\" target=\"_blank\" title=\"Preview in a new tab\">Un petit coup de main au bar?<\/a><\/span>\n        <\/li><li><span class=\"mailpoet_archive_date\">February 28, 2025<\/span>\n          <span class=\"mailpoet_archive_subject\"><a href=\"https:\/\/ruchedenise.be?mailpoet_router&amp;endpoint=view_in_browser&amp;action=view&amp;data=WzQ0LCIyNGU3MzEyYTM5OGQiLDAsMCwzOSwxXQ\" target=\"_blank\" title=\"Preview in a new tab\">Le programme de mars chez Denise<\/a><\/span>\n        <\/li><li><span class=\"mailpoet_archive_date\">January 22, 2025<\/span>\n          <span class=\"mailpoet_archive_subject\"><a href=\"https:\/\/ruchedenise.be?mailpoet_router&amp;endpoint=view_in_browser&amp;action=view&amp;data=WzQyLCI0M2MyMGFlNzJhMjgiLDAsMCwzOCwxXQ\" target=\"_blank\" title=\"Preview in a new tab\">Le programme de f\u00e9vrier chez Denise<\/a><\/span>\n        <\/li><li><span class=\"mailpoet_archive_date\">November 7, 2023<\/span>\n          <span class=\"mailpoet_archive_subject\"><a href=\"https:\/\/ruchedenise.be?mailpoet_router&amp;endpoint=view_in_browser&amp;action=view&amp;data=WzQwLCJlN2I0YzA5MzE3YmQiLDAsMCwzNywxXQ\" target=\"_blank\" title=\"Preview in a new tab\">Un mois de Novembre au chaud chez Denise <\/a><\/span>\n        <\/li><li><span class=\"mailpoet_archive_date\">October 4, 2023<\/span>\n          <span class=\"mailpoet_archive_subject\"><a href=\"https:\/\/ruchedenise.be?mailpoet_router&amp;endpoint=view_in_browser&amp;action=view&amp;data=WzM5LCI2NjViNTc5OWE4MTQiLDAsMCwzNiwxXQ\" target=\"_blank\" title=\"Preview in a new tab\">Le programme d&#039;Octobre chez Denise<\/a><\/span>\n        <\/li><li><span class=\"mailpoet_archive_date\">September 6, 2023<\/span>\n          <span class=\"mailpoet_archive_subject\"><a href=\"https:\/\/ruchedenise.be?mailpoet_router&amp;endpoint=view_in_browser&amp;action=view&amp;data=WzM4LCI1MDNhMjBmZmQ2OTEiLDAsMCwzNSwxXQ\" target=\"_blank\" title=\"Preview in a new tab\">C&#039;est la rentr\u00e9e chez Denise ! \ud83c\udf42<\/a><\/span>\n        <\/li><li><span class=\"mailpoet_archive_date\">July 26, 2023<\/span>\n          <span class=\"mailpoet_archive_subject\"><a href=\"https:\/\/ruchedenise.be?mailpoet_router&amp;endpoint=view_in_browser&amp;action=view&amp;data=WzM3LCJiMDY0ZmI1MjA2YzgiLDAsMCwzNCwxXQ\" target=\"_blank\" title=\"Preview in a new tab\">Le plein de nouveaut\u00e9s pour la fin de l&#039;\u00e9t\u00e9 \ud83e\udd29 <\/a><\/span>\n        <\/li><li><span class=\"mailpoet_archive_date\">July 13, 2023<\/span>\n          <span class=\"mailpoet_archive_subject\"><a href=\"https:\/\/ruchedenise.be?mailpoet_router&amp;endpoint=view_in_browser&amp;action=view&amp;data=WzM2LCI2ZDIwNjkyNDc3YTUiLDAsMCwzMywxXQ\" target=\"_blank\" title=\"Preview in a new tab\">Le 21 juillet, on f\u00eate la Belgique chez Denise ! <\/a><\/span>\n        <\/li><li><span class=\"mailpoet_archive_date\">May 4, 2023<\/span>\n          <span class=\"mailpoet_archive_subject\"><a href=\"https:\/\/ruchedenise.be?mailpoet_router&amp;endpoint=view_in_browser&amp;action=view&amp;data=WzM1LCIyMTdkMWMwYWViODciLDAsMCwzMiwxXQ\" target=\"_blank\" title=\"Preview in a new tab\">Happy May, Happy Hour ! \ud83c\udf79<\/a><\/span>\n        <\/li><li><span class=\"mailpoet_archive_date\">April 3, 2023<\/span>\n          <span class=\"mailpoet_archive_subject\"><a href=\"https:\/\/ruchedenise.be?mailpoet_router&amp;endpoint=view_in_browser&amp;action=view&amp;data=WzM0LCI1NzgyZGM5YzI3MzUiLDAsMCwzMSwxXQ\" target=\"_blank\" title=\"Preview in a new tab\">En avril, Denise r\u00e9ouvre sa terrasse ! \u2600\ufe0f<\/a><\/span>\n        <\/li><li><span class=\"mailpoet_archive_date\">March 2, 2023<\/span>\n          <span class=\"mailpoet_archive_subject\"><a href=\"https:\/\/ruchedenise.be?mailpoet_router&amp;endpoint=view_in_browser&amp;action=view&amp;data=WzMzLCI1N2NiODU5NGRjZjIiLDAsMCwyOSwxXQ\" target=\"_blank\" title=\"Preview in a new tab\">Un petit air de printemps chez Denise !<\/a><\/span>\n        <\/li><li><span class=\"mailpoet_archive_date\">February 8, 2023<\/span>\n          <span class=\"mailpoet_archive_subject\"><a href=\"https:\/\/ruchedenise.be?mailpoet_router&amp;endpoint=view_in_browser&amp;action=view&amp;data=WzMyLCI3NzMzNGI4OGNkMDQiLDAsMCwyOCwxXQ\" target=\"_blank\" title=\"Preview in a new tab\">Un d\u00e9but d&#039;ann\u00e9e anim\u00e9 chez Denise !<\/a><\/span>\n        <\/li><li><span class=\"mailpoet_archive_date\">January 10, 2023<\/span>\n          <span class=\"mailpoet_archive_subject\"><a href=\"https:\/\/ruchedenise.be?mailpoet_router&amp;endpoint=view_in_browser&amp;action=view&amp;data=WzMxLCIzNzMwOWU3YTY1M2EiLDAsMCwyNywxXQ\" target=\"_blank\" title=\"Preview in a new tab\">C&#039;est parti pour une nouvelle ann\u00e9e chez Denise ! \ud83d\udc1d<\/a><\/span>\n        <\/li><li><span class=\"mailpoet_archive_date\">November 30, 2022<\/span>\n          <span class=\"mailpoet_archive_subject\"><a href=\"https:\/\/ruchedenise.be?mailpoet_router&amp;endpoint=view_in_browser&amp;action=view&amp;data=WzMwLCJlYjUzMTllYzY1NDIiLDAsMCwyNiwxXQ\" target=\"_blank\" title=\"Preview in a new tab\">En d\u00e9cembre, venez clot\u00fbrer 2022 chez Denise ! \u2728<\/a><\/span>\n        <\/li><li><span class=\"mailpoet_archive_date\">November 16, 2022<\/span>\n          <span class=\"mailpoet_archive_subject\"><a href=\"https:\/\/ruchedenise.be?mailpoet_router&amp;endpoint=view_in_browser&amp;action=view&amp;data=WzI5LCIzMWU0MDg4MzVjMzQiLDAsMCwyNSwxXQ\" target=\"_blank\" title=\"Preview in a new tab\">Soir\u00e9e raclette &amp; blind test des b\u00e9n\u00e9voles !<\/a><\/span>\n        <\/li><li><span class=\"mailpoet_archive_date\">October 27, 2022<\/span>\n          <span class=\"mailpoet_archive_subject\"><a href=\"https:\/\/ruchedenise.be?mailpoet_router&amp;endpoint=view_in_browser&amp;action=view&amp;data=WzI4LCIyZjUyZDc0YTc2NmYiLDAsMCwyNCwxXQ\" target=\"_blank\" title=\"Preview in a new tab\">En novembre, venez combattre le blues de l&#039;automne chez Denise ! \ud83c\udf42<\/a><\/span>\n        <\/li><li><span class=\"mailpoet_archive_date\">October 19, 2022<\/span>\n          <span class=\"mailpoet_archive_subject\"><a href=\"https:\/\/ruchedenise.be?mailpoet_router&amp;endpoint=view_in_browser&amp;action=view&amp;data=WzI2LCIyZmRmMTRlOGVlMjciLDAsMCwyMywxXQ\" target=\"_blank\" title=\"Preview in a new tab\">News des b\u00e9n\u00e9voles, automne 2022<\/a><\/span>\n        <\/li><li><span class=\"mailpoet_archive_date\">September 29, 2022<\/span>\n          <span class=\"mailpoet_archive_subject\"><a href=\"https:\/\/ruchedenise.be?mailpoet_router&amp;endpoint=view_in_browser&amp;action=view&amp;data=WzI1LCI4ZmZmMWZhMDE5Y2UiLDAsMCwyMiwxXQ\" target=\"_blank\" title=\"Preview in a new tab\">En octobre, venez vous r\u00e9chauffer chez Denise ! \ud83c\udf42<\/a><\/span>\n        <\/li><li><span class=\"mailpoet_archive_date\">September 28, 2022<\/span>\n          <span class=\"mailpoet_archive_subject\"><a href=\"https:\/\/ruchedenise.be?mailpoet_router&amp;endpoint=view_in_browser&amp;action=view&amp;data=WzI0LCI3MDhhMGQ3ZWY2NGQiLDAsMCwyMSwxXQ\" target=\"_blank\" title=\"Preview in a new tab\">F\u00eate des coop\u00e9rateurs.trices chez Denise ! \ud83c\udf89<\/a><\/span>\n        <\/li><li><span class=\"mailpoet_archive_date\">September 21, 2022<\/span>\n          <span class=\"mailpoet_archive_subject\"><a href=\"https:\/\/ruchedenise.be?mailpoet_router&amp;endpoint=view_in_browser&amp;action=view&amp;data=WzIzLCJkOTg4Yjk0OTgzZTUiLDAsMCwyMCwxXQ\" target=\"_blank\" title=\"Preview in a new tab\">Monsieur Nicolas en spectacle le 9\/10 ! \ud83e\uddd2\ud83c\udfb6<\/a><\/span>\n        <\/li><li><span class=\"mailpoet_archive_date\">September 19, 2022<\/span>\n          <span class=\"mailpoet_archive_subject\"><a href=\"https:\/\/ruchedenise.be?mailpoet_router&amp;endpoint=view_in_browser&amp;action=view&amp;data=WzIyLCI5NDRjM2YyODAzMTIiLDAsMCwxOSwxXQ\" target=\"_blank\" title=\"Preview in a new tab\">Soir\u00e9e Blind Test le 23\/09 ! \ud83c\udfb5<\/a><\/span>\n        <\/li><li><span class=\"mailpoet_archive_date\">September 15, 2022<\/span>\n          <span class=\"mailpoet_archive_subject\"><a href=\"https:\/\/ruchedenise.be?mailpoet_router&amp;endpoint=view_in_browser&amp;action=view&amp;data=WzIxLCJkZDEzOGFmZjI1N2QiLDAsMCwxOCwxXQ\" target=\"_blank\" title=\"Preview in a new tab\">F\u00eate des coop\u00e9rateurs.trices chez Denise ! \ud83c\udf89<\/a><\/span>\n        <\/li><li><span class=\"mailpoet_archive_date\">September 13, 2022<\/span>\n          <span class=\"mailpoet_archive_subject\"><a href=\"https:\/\/ruchedenise.be?mailpoet_router&amp;endpoint=view_in_browser&amp;action=view&amp;data=WzIwLCI1NmMyNzJjMGRkYjIiLDAsMCwxNywxXQ\" target=\"_blank\" title=\"Preview in a new tab\">Une nouvelle saison Cin\u00e9ma et Musique \u00e0 Mont-Saint-Guibert ! \u2728<\/a><\/span>\n        <\/li><li><span class=\"mailpoet_archive_date\">August 30, 2022<\/span>\n          <span class=\"mailpoet_archive_subject\"><a href=\"https:\/\/ruchedenise.be?mailpoet_router&amp;endpoint=view_in_browser&amp;action=view&amp;data=WzE5LCI5Y2RiYTVhYjQ4YTYiLDAsMCwxNiwxXQ\" target=\"_blank\" title=\"Preview in a new tab\">La rentr\u00e9e, \u00e7a se passe aussi chez Denise !<\/a><\/span>\n        <\/li><li><span class=\"mailpoet_archive_date\">August 3, 2022<\/span>\n          <span class=\"mailpoet_archive_subject\"><a href=\"https:\/\/ruchedenise.be?mailpoet_router&amp;endpoint=view_in_browser&amp;action=view&amp;data=WzE4LCIwZTYzZmJmYzdlOGEiLDAsMCwxNSwxXQ\" target=\"_blank\" title=\"Preview in a new tab\">La fra\u00eecheur du mois d&#039;ao\u00fbt, c&#039;est chez Denise : erratum !<\/a><\/span>\n        <\/li><li><span class=\"mailpoet_archive_date\">August 3, 2022<\/span>\n          <span class=\"mailpoet_archive_subject\"><a href=\"https:\/\/ruchedenise.be?mailpoet_router&amp;endpoint=view_in_browser&amp;action=view&amp;data=WzE3LCJkZjljMWJmNjVmM2MiLDAsMCwxNCwxXQ\" target=\"_blank\" title=\"Preview in a new tab\">La fra\u00eecheur du mois d&#039;ao\u00fbt, c&#039;est chez Denise !<\/a><\/span>\n        <\/li><li><span class=\"mailpoet_archive_date\">June 30, 2022<\/span>\n          <span class=\"mailpoet_archive_subject\"><a href=\"https:\/\/ruchedenise.be?mailpoet_router&amp;endpoint=view_in_browser&amp;action=view&amp;data=WzE2LCI2MTM1ZGE1NDI4YWEiLDAsMCwxMywxXQ\" target=\"_blank\" title=\"Preview in a new tab\">Un mois de juillet plut\u00f4t caliente chez Denise !<\/a><\/span>\n        <\/li><li><span class=\"mailpoet_archive_date\">June 8, 2022<\/span>\n          <span class=\"mailpoet_archive_subject\"><a href=\"https:\/\/ruchedenise.be?mailpoet_router&amp;endpoint=view_in_browser&amp;action=view&amp;data=WzE1LCI3MzA0MjRiYmRlYTYiLDAsMCwxMiwxXQ\" target=\"_blank\" title=\"Preview in a new tab\">En juin, l&#039;\u00e9t\u00e9 revient chez Denise !<\/a><\/span>\n        <\/li><li><span class=\"mailpoet_archive_date\">May 17, 2022<\/span>\n          <span class=\"mailpoet_archive_subject\"><a href=\"https:\/\/ruchedenise.be?mailpoet_router&amp;endpoint=view_in_browser&amp;action=view&amp;data=WzE0LCJhNDliMTlhNTViMDgiLDAsMCwxMSwxXQ\" target=\"_blank\" title=\"Preview in a new tab\">Toute l&#039;actualit\u00e9 de Denise au mois de mai : Erratum \ud83d\ude31 <\/a><\/span>\n        <\/li><li><span class=\"mailpoet_archive_date\">May 13, 2022<\/span>\n          <span class=\"mailpoet_archive_subject\"><a href=\"https:\/\/ruchedenise.be?mailpoet_router&amp;endpoint=view_in_browser&amp;action=view&amp;data=WzEzLCI5ZWFmMzZlNTZkNGMiLDAsMCwxMCwxXQ\" target=\"_blank\" title=\"Preview in a new tab\">Toute l&#039;actualit\u00e9 de Denise au mois de mai !<\/a><\/span>\n        <\/li><li><span class=\"mailpoet_archive_date\">April 4, 2022<\/span>\n          <span class=\"mailpoet_archive_subject\"><a href=\"https:\/\/ruchedenise.be?mailpoet_router&amp;endpoint=view_in_browser&amp;action=view&amp;data=WzExLCIyN2FkYmM0ODAzZDEiLDAsMCw5LDFd\" target=\"_blank\" title=\"Preview in a new tab\">En avril, ne te d\u00e9couvre pas d&#039;un fil mais... Viens chez Denise !<\/a><\/span>\n        <\/li><li><span class=\"mailpoet_archive_date\">March 16, 2022<\/span>\n          <span class=\"mailpoet_archive_subject\"><a href=\"https:\/\/ruchedenise.be?mailpoet_router&amp;endpoint=view_in_browser&amp;action=view&amp;data=WzEwLCI5N2M0YmViODM1MDUiLDAsMCw4LDFd\" target=\"_blank\" title=\"Preview in a new tab\">F\u00eate d&#039;inauguration le samedi 26 mars 2022 !<\/a><\/span>\n        <\/li><li><span class=\"mailpoet_archive_date\">February 17, 2022<\/span>\n          <span class=\"mailpoet_archive_subject\"><a href=\"https:\/\/ruchedenise.be?mailpoet_router&amp;endpoint=view_in_browser&amp;action=view&amp;data=WzksIjNiMDc3ZDgyN2M1YSIsMCwwLDcsMV0\" target=\"_blank\" title=\"Preview in a new tab\">Ouverture le 24\/02\/2022 !<\/a><\/span>\n        <\/li><li><span class=\"mailpoet_archive_date\">December 24, 2021<\/span>\n          <span class=\"mailpoet_archive_subject\"><a href=\"https:\/\/ruchedenise.be?mailpoet_router&amp;endpoint=view_in_browser&amp;action=view&amp;data=WzgsImFlNmZlODg2NzU1OCIsMCwwLDYsMV0\" target=\"_blank\" title=\"Preview in a new tab\">Belles f\u00eates et rendez-vous en 2022 !<\/a><\/span>\n        <\/li><li><span class=\"mailpoet_archive_date\">November 19, 2021<\/span>\n          <span class=\"mailpoet_archive_subject\"><a href=\"https:\/\/ruchedenise.be?mailpoet_router&amp;endpoint=view_in_browser&amp;action=view&amp;data=WzcsIjFlZmZhZTQwNGQ4MyIsMCwwLDUsMV0\" target=\"_blank\" title=\"Preview in a new tab\">Am\u00e9nager Denise, c&#039;est maintenant !<\/a><\/span>\n        <\/li><li><span class=\"mailpoet_archive_date\">October 13, 2021<\/span>\n          <span class=\"mailpoet_archive_subject\"><a href=\"https:\/\/ruchedenise.be?mailpoet_router&amp;endpoint=view_in_browser&amp;action=view&amp;data=WzYsImJmYTE4N2QyMTQ4NCIsMCwwLDQsMV0\" target=\"_blank\" title=\"Preview in a new tab\">Soir\u00e9e de rencontre le 27\/10\/2021<\/a><\/span>\n        <\/li><li><span class=\"mailpoet_archive_date\">September 20, 2021<\/span>\n          <span class=\"mailpoet_archive_subject\"><a href=\"https:\/\/ruchedenise.be?mailpoet_router&amp;endpoint=view_in_browser&amp;action=view&amp;data=WzUsImZkNzUzYjU3NmFiMSIsMCwwLDMsMV0\" target=\"_blank\" title=\"Preview in a new tab\">Des nouvelles de Denise!<\/a><\/span>\n        <\/li><li><span class=\"mailpoet_archive_date\">July 6, 2021<\/span>\n          <span class=\"mailpoet_archive_subject\"><a href=\"https:\/\/ruchedenise.be?mailpoet_router&amp;endpoint=view_in_browser&amp;action=view&amp;data=WzMsIjliMTkzN2U3ZjVlZiIsMCwwLDIsMV0\" target=\"_blank\" title=\"Preview in a new tab\">Devenez coop\u00e9rateur.trice!<\/a><\/span>\n        <\/li><li><span class=\"mailpoet_archive_date\">June 12, 2021<\/span>\n          <span class=\"mailpoet_archive_subject\"><a href=\"https:\/\/ruchedenise.be?mailpoet_router&amp;endpoint=view_in_browser&amp;action=view&amp;data=WzEsImUyMzkzMTdlNjNmZCIsMCwwLDEsMV0\" target=\"_blank\" title=\"Preview in a new tab\">Venez d\u00e9couvrir Denise le 20 juin prochain<\/a><\/span>\n        <\/li><\/ul><\/pre>\n","protected":false},"excerpt":{"rendered":"August 28, 2025 Le programme de septembre chez Denise April 29, 2025 Le programme de mai chez Denise April 1, 2025 Le programme d&#039;avril chez Denise March 23, 2025 Un petit coup de main au bar? February 28, 2025 Le programme de mars chez Denise January 22, 2025 Le programme de f\u00e9vrier [...]","protected":false},"author":2,"featured_media":0,"parent":0,"menu_order":0,"comment_status":"closed","ping_status":"closed","template":"","meta":{"_monsterinsights_skip_tracking":false,"_monsterinsights_sitenote_active":false,"_monsterinsights_sitenote_note":"","_monsterinsights_sitenote_category":0,"_price":"","_stock":"","_tribe_ticket_header":"","_tribe_default_ticket_provider":"","_tribe_ticket_capacity":"0","_ticket_start_date":"","_ticket_end_date":"","_tribe_ticket_show_description":"","_tribe_ticket_show_not_going":false,"_tribe_ticket_use_global_stock":"","_tribe_ticket_global_stock_level":"","_global_stock_mode":"","_global_stock_cap":"","_tribe_rsvp_for_event":"","_tribe_ticket_going_count":"","_tribe_ticket_not_going_count":"","_tribe_tickets_list":"[]","_tribe_ticket_has_attendee_info_fields":false,"_EventAllDay":false,"_EventTimezone":"","_EventStartDate":"","_EventEndDate":"","_EventStartDateUTC":"","_EventEndDateUTC":"","_EventShowMap":false,"_EventShowMapLink":false,"_EventURL":"","_EventCost":"","_EventCostDescription":"","_EventCurrencySymbol":"","_EventCurrencyCode":"","_EventCurrencyPosition":"","_EventDateTimeSeparator":"","_EventTimeRangeSeparator":"","_EventOrganizerID":[],"_EventVenueID":[],"_OrganizerEmail":"","_OrganizerPhone":"","_OrganizerWebsite":"","_VenueAddress":"","_VenueCity":"","_VenueCountry":"","_VenueProvince":"","_VenueState":"","_VenueZip":"","_VenuePhone":"","_VenueURL":"","_VenueStateProvince":"","_VenueLat":"","_VenueLng":"","_VenueShowMap":false,"_VenueShowMapLink":false,"footnotes":"","_tec_slr_enabled":"","_tec_slr_layout":""},"class_list":["post-6275","page","type-page","status-publish","hentry"],"ticketed":false,"_links":{"self":[{"href":"https:\/\/ruchedenise.be\/index.php\/wp-json\/wp\/v2\/pages\/6275","targetHints":{"allow":["GET"]}}],"collection":[{"href":"https:\/\/ruchedenise.be\/index.php\/wp-json\/wp\/v2\/pages"}],"about":[{"href":"https:\/\/ruchedenise.be\/index.php\/wp-json\/wp\/v2\/types\/page"}],"author":[{"embeddable":true,"href":"https:\/\/ruchedenise.be\/index.php\/wp-json\/wp\/v2\/users\/2"}],"replies":[{"embeddable":true,"href":"https:\/\/ruchedenise.be\/index.php\/wp-json\/wp\/v2\/comments?post=6275"}],"version-history":[{"count":1,"href":"https:\/\/ruchedenise.be\/index.php\/wp-json\/wp\/v2\/pages\/6275\/revisions"}],"predecessor-version":[{"id":6276,"href":"https:\/\/ruchedenise.be\/index.php\/wp-json\/wp\/v2\/pages\/6275\/revisions\/6276"}],"wp:attachment":[{"href":"https:\/\/ruchedenise.be\/index.php\/wp-json\/wp\/v2\/media?parent=6275"}],"curies":[{"name":"wp","href":"https:\/\/api.w.org\/{rel}","templated":true}]}}