{"id":708,"date":"2019-09-17T09:28:49","date_gmt":"2019-09-17T09:28:49","guid":{"rendered":"https:\/\/booth.qodeinteractive.com\/?page_id=708"},"modified":"2025-04-01T15:25:44","modified_gmt":"2025-04-01T15:25:44","slug":"denise","status":"publish","type":"page","link":"https:\/\/ruchedenise.be\/","title":{"rendered":"Bienvenue chez Denise, le caf\u00e9 citoyen de Mont-Saint-Guibert !"},"content":{"rendered":"<p>[vc_row row_content_width=&#8221;grid&#8221;][vc_column][vc_empty_space height=&#8221;50&#8243;][vc_column_text]<\/p>\n<blockquote>\n<p style=\"text-align: center;\"><strong><span style=\"color: ##2b2a27;\">Denise, c&#8217;est l&#8217;ancienne \u00e9picerie de la Grand&#8217;Place de Mont-Saint-Guibert. Un lieu rempli de petites et de grandes histoires au c\u0153ur de notre village. <\/span><span style=\"color: ##2b2a27;\">S&#8217;y installer pour en \u00e9crire de nouvelles, et refaire de ce lieu un espace de rencontres et d&#8217;\u00e9changes, voil\u00e0 notre projet en y cr\u00e9ant un caf\u00e9 citoyen!<\/span><\/strong><\/p>\n<\/blockquote>\n<p>[\/vc_column_text][vc_empty_space height=&#8221;80&#8243;][vc_row_inner disable_background_image=&#8221;&#8221; simple_background_image=&#8221;794&#8243;][vc_column_inner][vc_raw_html]JTBBJTIwJTIwJTIwJTIwJTIwJTIwJTNDZGl2JTIwaWQlM0QlMjJqb3luaXQtY2FsZW5kYXItaW50ZWdyYXRpb24td2Vic2l0ZSUyMiUzRSUzQ3AlMjBzdHlsZSUzRCUyMmZvbnQtc2l6ZSUzQSUyMDEycHglM0IlMjBjb2xvciUzQSUyMCUyMzY2NiUzQiUyMHBhZGRpbmctYm90dG9tJTNBJTIwMTJweCUyMiUzRUFnZW5kYSUyMGNyJUMzJUE5JUMzJUE5JTIwcGFyJTIwJTNDYSUyMGhyZWYlM0QlMjdodHRwJTNBJTJGJTJGam95bml0LmZyJTJGJTI3JTNFd3d3LmpveW5pdC5mciUzQyUyRmElM0UlMjAtJTIwYWdlbmRhJTIwcGFydGFnJUMzJUE5JTIwTWFkZSUyMGluJTIwRnJhbmNlJTNDJTJGcCUzRSUzQyUyRmRpdiUzRSUwQSUyMCUyMCUyMCUyMCUyMCUyMCUzQ2lmcmFtZSUyMGlkJTNEJTIyam95bml0LWNhbGVuZGFyLWlmcmFtZSUyMiUyMHdpZHRoJTNEJTIyMTAwJTI1JTIyJTIwaGVpZ2h0JTNEJTIyODAwcHglMjIlMjBzcmMlM0QlMjJodHRwcyUzQSUyRiUyRmFwcC5qb3luaXQuaW8lMkZlbWJlZCUyRkQ2ajd4aTE4NG13ciUyRmV2ZW50LXNsaWRlciUzRmJnLWNvbnRhaW5lciUzRHJnYiUyODI1NSUyNTJDMjU1JTI1MkMyNTUlMjklMjZiZy1jYWxlbmRhciUzRHJnYiUyODI1NSUyNTJDMjU1JTI1MkMyNTUlMjklMjZtb250aC1jb2xvciUzRHJnYiUyODI1NSUyNTJDMjU1JTI1MkMyNTUlMjklMjZ3LW1vYmlsZSUzRDEwMHZ3JTI2bGFuZ3VhZ2UlM0RmciUyNmxvZ28tdXJsJTNEJTIyJTIwZnJhbWVib3JkZXIlM0QlMjIwJTIyJTIwYWxsb3dmdWxsc2NyZWVuJTNFJTNDJTJGaWZyYW1lJTNF[\/vc_raw_html][vc_empty_space height=&#8221;40px&#8221;][vc_column_text]<\/p>\n<blockquote>\n<p>Avec le soutien de<\/p>\n<\/blockquote>\n<p>[\/vc_column_text][vc_media_grid element_width=&#8221;2&#8243; item=&#8221;basicGrid_NoAnimation&#8221; initial_loading_animation=&#8221;none&#8221; grid_id=&#8221;vc_gid:1743521078866-61f53d27-b510-7&#8243; include=&#8221;7884,7883&#8243;][\/vc_column_inner][\/vc_row_inner][vc_empty_space height=&#8221;80&#8243;]<div class=\"qodef-section-title-holder    qodef-section-title-animated\" style=\"text-align: center\">\n\t<div class=\"qodef-st-inner\">\n\t\t\t\t<div class=\"qodef-st-title-holder\">\n\t\t\t<h3 class=\"qodef-st-title\" >\n\t\t\t\t\t\t\t<span class=\"qodef-st-text-with-square\"><span class=\"qodef-st-square\" ><\/span><span class=\"qodef-st-first-letter\">C<\/span><\/span><span class=\"qodef-st-title-text\">'est quoi, un caf\u00e9 citoyen?<\/span>\n\t\t\t\t\t<\/h3>\n\t\t<\/div>\n\t\t\t\t\t\t\t<\/div>\n<\/div>[vc_empty_space height=&#8221;50&#8243;][vc_column_text]<\/p>\n<p style=\"text-align: center;\">Un caf\u00e9 citoyen, c\u2019est tout simplement un caf\u00e9 collaboratif entre habitants d\u2019un m\u00eame village. Comme dans n\u2019importe quel caf\u00e9, on s\u2019y retrouve pour discuter, boire un verre, manger un petit morceau. A la diff\u00e9rence d\u2019un caf\u00e9 classique, la participation &#8211; certes financi\u00e8re &#8211; mais aussi en termes de temps, d\u2019id\u00e9es, de d\u00e9cisions, de comp\u00e9tences &amp; d\u2019\u00e9nergie y sera possible pour chaque personne d\u00e9sireuse de le faire. En pratique, chacun peut s\u2019y impliquer, proposer et organiser des activit\u00e9s, participer \u00e0 la gestion quotidienne et logistique, donner son avis et participer \u00e0 la prise de d\u00e9cision.<\/p>\n<p>[\/vc_column_text][vc_empty_space height=&#8221;45&#8243;]<div class=\"qodef-call-to-action-holder  qodef-content-in-grid qodef-cta-center qodef-cta-text-in-box\">\n\t<div class=\"qodef-cta-inner qodef-grid\" style=\"background-image: url(https:\/\/ruchedenise.be\/wp-content\/uploads\/2019\/10\/landing-img-1.png)\">\n\t\t<div class=\"qodef-cta-text-holder\" style=\"background-color:#1b1b2b\">\n\t\t\t<div class=\"qodef-cta-text\">D\u00e9couvrir le projet<\/div>\n\t\t<\/div>\n\t\t<div class=\"qodef-cta-button-holder\" >\n\t\t\t<div class=\"qodef-cta-button\"><a itemprop=\"url\" href=\"https:\/\/ruchedenise.be\/index.php\/projet\/\" target=\"_blank\"  class=\"qodef-btn qodef-btn-medium qodef-btn-solid\"  >\t<span class=\"qodef-button-holder\">\t\t\t\t<span class=\"qodef-btn-text\">C&#039;est par ici!<\/span>\t\t\t<\/span><\/a><\/div>\n\t\t<\/div>\n\t<\/div>\n<\/div>[vc_empty_space height=&#8221;50&#8243;]<div class=\"qodef-call-to-action-holder  qodef-content-in-grid qodef-cta-center qodef-cta-text-in-box\">\n\t<div class=\"qodef-cta-inner qodef-grid\" style=\"background-image: url(https:\/\/ruchedenise.be\/wp-content\/uploads\/2019\/09\/h9-img-1.png)\">\n\t\t<div class=\"qodef-cta-text-holder\" style=\"background-color:#1b1b2b\">\n\t\t\t<div class=\"qodef-cta-text\">Devenir coop\u00e9rateur de Denise<\/div>\n\t\t<\/div>\n\t\t<div class=\"qodef-cta-button-holder\" >\n\t\t\t<div class=\"qodef-cta-button\"><a itemprop=\"url\" href=\"https:\/\/ruchedenise.be\/index.php\/cooperateur\/\" target=\"_blank\"  class=\"qodef-btn qodef-btn-medium qodef-btn-solid\"  >\t<span class=\"qodef-button-holder\">\t\t\t\t<span class=\"qodef-btn-text\">C&#039;est par l\u00e0!<\/span>\t\t\t<\/span><\/a><\/div>\n\t\t<\/div>\n\t<\/div>\n<\/div>[vc_empty_space height=&#8221;50&#8243;][\/vc_column][\/vc_row][vc_row disable_background_image=&#8221;&#8221; simple_background_image=&#8221;1512&#8243;][vc_column][vc_row_inner row_content_width=&#8221;grid&#8221;][vc_column_inner width=&#8221;2\/3&#8243;][vc_empty_space height=&#8221;60&#8243;]<div class=\"qodef-section-title-holder    qodef-section-title-animated\" style=\"text-align: center\">\n\t<div class=\"qodef-st-inner\">\n\t\t\t\t<div class=\"qodef-st-title-holder\">\n\t\t\t<h3 class=\"qodef-st-title\" style=\"color: #ffffff\">\n\t\t\t\t\t\t\t<span class=\"qodef-st-text-with-square\"><span class=\"qodef-st-square\" ><\/span><span class=\"qodef-st-first-letter\">E<\/span><\/span><span class=\"qodef-st-title-text\">t concr\u00e8tement?<\/span>\n\t\t\t\t\t<\/h3>\n\t\t<\/div>\n\t\t\t\t\t\t\t<\/div>\n<\/div>[vc_column_text]<\/p>\n<p style=\"color: #ffffff; text-align: center;\">Notre caf\u00e9 citoyen se veut un espace chaleureux, ou se tiennent des activit\u00e9s vari\u00e9es, \u00e0 destination de toutes les g\u00e9n\u00e9rations : soir\u00e9es jeux, cin\u00e9-club, caf\u00e9-concert, d\u00e9bats, ateliers r\u00e9cup\u2019 &amp; artistiques, co-working, yoga, etc. De mani\u00e8re g\u00e9n\u00e9rale, nous esp\u00e9rons y accueillir et dynamiser la vie sociale, culturelle et associative du village.<\/p>\n<p>[\/vc_column_text][vc_column_text]<\/p>\n<p style=\"color: #ffffff; text-align: center;\"><strong><span class=\"JsGRdQ\">Le caf\u00e9 est ouvert au public chaque semaine les jeudis et vendredis, <\/span><\/strong><strong><span class=\"JsGRdQ\">mais de nombreuses activit\u00e9s s&#8217;y tiendront \u00e9galement en dehors de ces\u00a0 heures.<\/span><\/strong><\/p>\n<p style=\"color: #ffffff; text-align: center;\"><strong>jeudi | 17:00 &#8211; 23:00<\/strong><\/p>\n<p style=\"color: #ffffff; text-align: center;\"><strong>vendredi | 17:00 &#8211; 23:00<\/strong><\/p>\n<p style=\"color: #ffffff; text-align: center;\"><strong>samedi | En fonction du programme !<\/strong><\/p>\n<p style=\"color: #ffffff; text-align: center;\"><strong><span class=\"JsGRdQ\">Retrouvez toutes les activit\u00e9s &amp; infos ci-dessous !<\/span><\/strong><\/p>\n<p>[\/vc_column_text][vc_empty_space height=&#8221;50&#8243;][\/vc_column_inner][vc_column_inner width=&#8221;1\/3&#8243;][vc_empty_space height=&#8221;250&#8243;][vc_column_text]<\/p>\n<h6><span style=\"color: #ffffff;\">Inscrivez-vous \u00e0 notre newsletter pour ne rien manquer !<\/span><\/h6>\n<p>[\/vc_column_text][vc_empty_space height=&#8221;24px&#8221;]\n<div class=\"wpcf7 no-js\" id=\"wpcf7-f2008-o1\" lang=\"en-US\" dir=\"ltr\" data-wpcf7-id=\"2008\">\n<div class=\"screen-reader-response\"><p role=\"status\" aria-live=\"polite\" aria-atomic=\"true\"><\/p> <ul><\/ul><\/div>\n<form action=\"\/index.php\/wp-json\/wp\/v2\/pages\/708#wpcf7-f2008-o1\" method=\"post\" class=\"wpcf7-form init\" aria-label=\"Contact form\" novalidate=\"novalidate\" data-status=\"init\">\n<fieldset class=\"hidden-fields-container\"><input type=\"hidden\" name=\"_wpcf7\" value=\"2008\" \/><input type=\"hidden\" name=\"_wpcf7_version\" value=\"6.1.4\" \/><input type=\"hidden\" name=\"_wpcf7_locale\" value=\"en_US\" \/><input type=\"hidden\" name=\"_wpcf7_unit_tag\" value=\"wpcf7-f2008-o1\" \/><input type=\"hidden\" name=\"_wpcf7_container_post\" value=\"0\" \/><input type=\"hidden\" name=\"_wpcf7_posted_data_hash\" value=\"\" \/><input type=\"hidden\" name=\"_wpcf7_recaptcha_response\" value=\"\" \/>\n<\/fieldset>\n<div class=\"qodef-custom-newsletter-form qodef-wide-newsletter-form\">\n\t<p><span class=\"wpcf7-form-control-wrap\" data-name=\"your-email\"><input size=\"40\" maxlength=\"400\" class=\"wpcf7-form-control wpcf7-text wpcf7-validates-as-required\" aria-required=\"true\" aria-invalid=\"false\" placeholder=\"Email\" value=\"\" type=\"text\" name=\"your-email\" \/><\/span><button class=\"wpcf7-form-control wpcf7-submit qodef-btn qodef-btn-medium qodef-btn-solid\" type=\"submit\"><span class=\"qodef-btn-text\">Send<\/span><\/button>\n\t<\/p>\n<\/div><p style=\"display: none !important;\" class=\"akismet-fields-container\" data-prefix=\"_wpcf7_ak_\"><label>&#916;<textarea name=\"_wpcf7_ak_hp_textarea\" cols=\"45\" rows=\"8\" maxlength=\"100\"><\/textarea><\/label><input type=\"hidden\" id=\"ak_js_1\" name=\"_wpcf7_ak_js\" value=\"106\"\/><script>document.getElementById( \"ak_js_1\" ).setAttribute( \"value\", ( new Date() ).getTime() );<\/script><\/p><div class=\"wpcf7-response-output\" aria-hidden=\"true\"><\/div>\n<\/form>\n<\/div>\n[\/vc_column_inner][\/vc_row_inner][\/vc_column][\/vc_row][vc_row row_content_width=&#8221;grid&#8221;][vc_column][vc_empty_space height=&#8221;50&#8243;]<div class=\"qodef-section-title-holder    qodef-section-title-animated\" style=\"text-align: center\">\n\t<div class=\"qodef-st-inner\">\n\t\t\t\t<div class=\"qodef-st-title-holder\">\n\t\t\t<h3 class=\"qodef-st-title\" >\n\t\t\t\t\t\t\t<span class=\"qodef-st-text-with-square\"><span class=\"qodef-st-square\" ><\/span><span class=\"qodef-st-first-letter\">L<\/span><\/span><span class=\"qodef-st-title-text\">e programme des activit\u00e9s chez Denise<\/span>\n\t\t\t\t\t<\/h3>\n\t\t<\/div>\n\t\t\t\t\t\t\t<\/div>\n<\/div>[vc_empty_space height=&#8221;50&#8243;][\/vc_column][\/vc_row][vc_row][vc_column][vc_empty_space][\/vc_column][\/vc_row][vc_row content_placement=&#8221;middle&#8221; disable_background_image=&#8221;&#8221; content_text_aligment=&#8221;center&#8221; simple_background_image=&#8221;3993&#8243; css=&#8221;.vc_custom_1579179087014{padding-top: 158px !important;padding-bottom: 155px !important;}&#8221;][vc_column][vc_single_image image=&#8221;651&#8243; img_size=&#8221;full&#8221; alignment=&#8221;center&#8221;][vc_empty_space height=&#8221;3px&#8221;]<div class=\"qodef-section-title-holder   qodef-section-title-highlighted qodef-section-title-animated\" style=\"text-align: center\">\n\t<div class=\"qodef-st-inner\">\n\t\t\t\t<div class=\"qodef-st-title-holder\">\n\t\t\t<h3 class=\"qodef-st-title\" style=\"color: #ffffff;background-color: #000000\">\n\t\t\tGrand'Place 23 - 1435 Mont-Saint-Guibert\t\t<\/h3>\n\t\t<\/div>\n\t\t\t\t\t\t\t<\/div>\n<\/div>[\/vc_column][\/vc_row]<\/p>\n","protected":false},"excerpt":{"rendered":"<p>[vc_row row_content_width=&#8221;grid&#8221;][vc_column][vc_empty_space height=&#8221;50&#8243;][vc_column_text] Denise, c&#8217;est l&#8217;ancienne \u00e9picerie de la Grand&#8217;Place de Mont-Saint-Guibert. Un lieu rempli de petites et de grandes histoires au c\u0153ur de notre village. S&#8217;y installer pour en \u00e9crire de nouvelles, et refaire de ce lieu un espace de rencontres et d&#8217;\u00e9changes, voil\u00e0 notre projet en y cr\u00e9ant un caf\u00e9 [&hellip;]<\/p>\n","protected":false},"author":2,"featured_media":0,"parent":0,"menu_order":0,"comment_status":"closed","ping_status":"closed","template":"full-width.php","meta":{"_monsterinsights_skip_tracking":false,"_monsterinsights_sitenote_active":false,"_monsterinsights_sitenote_note":"","_monsterinsights_sitenote_category":0,"_price":"","_stock":"","_tribe_ticket_header":"","_tribe_default_ticket_provider":"","_ticket_start_date":"","_ticket_end_date":"","_tribe_ticket_show_description":"","_tribe_ticket_show_not_going":false,"_tribe_ticket_use_global_stock":"","_tribe_ticket_global_stock_level":"","_global_stock_mode":"","_global_stock_cap":"","_tribe_rsvp_for_event":"","_tribe_ticket_going_count":"","_tribe_ticket_not_going_count":"","_tribe_tickets_list":"[]","_tribe_ticket_has_attendee_info_fields":false,"_EventAllDay":false,"_EventTimezone":"","_EventStartDate":"","_EventEndDate":"","_EventStartDateUTC":"","_EventEndDateUTC":"","_EventShowMap":false,"_EventShowMapLink":false,"_EventURL":"","_EventCost":"","_EventCostDescription":"","_EventCurrencySymbol":"","_EventCurrencyCode":"","_EventCurrencyPosition":"","_EventDateTimeSeparator":"","_EventTimeRangeSeparator":"","_EventOrganizerID":[],"_EventVenueID":[],"_OrganizerEmail":"","_OrganizerPhone":"","_OrganizerWebsite":"","_VenueAddress":"","_VenueCity":"","_VenueCountry":"","_VenueProvince":"","_VenueState":"","_VenueZip":"","_VenuePhone":"","_VenueURL":"","_VenueStateProvince":"","_VenueLat":"","_VenueLng":"","_VenueShowMap":false,"_VenueShowMapLink":false,"footnotes":"","_tec_slr_enabled":"","_tec_slr_layout":""},"class_list":["post-708","page","type-page","status-publish","hentry"],"ticketed":false,"_links":{"self":[{"href":"https:\/\/ruchedenise.be\/index.php\/wp-json\/wp\/v2\/pages\/708","targetHints":{"allow":["GET"]}}],"collection":[{"href":"https:\/\/ruchedenise.be\/index.php\/wp-json\/wp\/v2\/pages"}],"about":[{"href":"https:\/\/ruchedenise.be\/index.php\/wp-json\/wp\/v2\/types\/page"}],"author":[{"embeddable":true,"href":"https:\/\/ruchedenise.be\/index.php\/wp-json\/wp\/v2\/users\/2"}],"replies":[{"embeddable":true,"href":"https:\/\/ruchedenise.be\/index.php\/wp-json\/wp\/v2\/comments?post=708"}],"version-history":[{"count":104,"href":"https:\/\/ruchedenise.be\/index.php\/wp-json\/wp\/v2\/pages\/708\/revisions"}],"predecessor-version":[{"id":6266,"href":"https:\/\/ruchedenise.be\/index.php\/wp-json\/wp\/v2\/pages\/708\/revisions\/6266"}],"wp:attachment":[{"href":"https:\/\/ruchedenise.be\/index.php\/wp-json\/wp\/v2\/media?parent=708"}],"curies":[{"name":"wp","href":"https:\/\/api.w.org\/{rel}","templated":true}]}}